{"id":931,"date":"2014-05-21T14:55:15","date_gmt":"2014-05-21T12:55:15","guid":{"rendered":"https:\/\/www.woodcracker.com\/newsletter-fr\/"},"modified":"2018-04-05T13:55:16","modified_gmt":"2018-04-05T11:55:16","slug":"newsletter","status":"publish","type":"page","link":"https:\/\/www.woodcracker.com\/fr\/newsroom\/newsletter\/","title":{"rendered":"Newsletter"},"content":{"rendered":"<section class=\"av_textblock_section \"  itemscope=\"itemscope\" itemtype=\"https:\/\/schema.org\/CreativeWork\" ><div class='avia_textblock  '   itemprop=\"text\" ><p><strong>Le e-mail Newsletter est un service gratuit de Westtech.<\/strong><br \/>\nIl apparait dans des int\u00e9rvalles irreguli\u00e8res et r\u00e9sume tous les nouveaut\u00e9s de la maison Westtech.<\/p>\n<\/div><\/section>\n<div style='padding-bottom:10px;' class='av-special-heading av-special-heading-h3     '><h3 class='av-special-heading-tag '  itemprop=\"headline\"  >S\u2019enregistrer dans le Newsletter<\/h3><div class='special-heading-border'><div class='special-heading-inner-border' ><\/div><\/div><\/div>\n<div class=\"flex_column av_four_fifth  flex_column_div first  \" ><section class=\"av_textblock_section \"  itemscope=\"itemscope\" itemtype=\"https:\/\/schema.org\/CreativeWork\" ><div class='avia_textblock  '   itemprop=\"text\" ><div class=\"knews_add_user knewsform_container\" id=\"knewsform_1\">\r\n\t\t\t\t\t<style type=\"text\/css\">\r\n\t\t\t\t\tdiv.knews_add_user textarea.knewscomment {position:absolute; top:-3000px; left:-3000px;}\r\n\t\t\t\t\tdiv.knews_add_user fieldset {border:0;}\r\n\t\t\t\t\tdiv.knews_add_user fieldset.knewstermsplus {height:0 !important; overflow:hidden !important; padding:0 !important; margin:0 !important; border:0 !important}<\/style>\r\n\t\t\t\t\t<form action=\"https:\/\/www.woodcracker.com\/wp-admin\/admin-ajax.php\" method=\"post\"><fieldset class=\"Name\"><label for=\"Name\" style=\"display:block;\">Nom*<\/label><input type=\"text\" name=\"Name\" value=\"\" placeholder=\"\" style=\"display:block; margin-bottom:10px;\" \/><input type=\"hidden\" value=\"1\" name=\"required_Name\" \/><\/fieldset><fieldset class=\"Strasse\"><label for=\"Strasse\" style=\"display:block;\">Street \/ No.*<\/label><input type=\"text\" name=\"Strasse\" value=\"\" placeholder=\"\" style=\"display:block; margin-bottom:10px;\" \/><input type=\"hidden\" value=\"1\" name=\"required_Strasse\" \/><\/fieldset><fieldset class=\"Ort\"><label for=\"Ort\" style=\"display:block;\">Postal code \/ City*<\/label><input type=\"text\" name=\"Ort\" value=\"\" placeholder=\"\" style=\"display:block; margin-bottom:10px;\" \/><input type=\"hidden\" value=\"1\" name=\"required_Ort\" \/><\/fieldset><textarea name=\"knewscomment\" autocomplete=\"off\" class=\"knewscomment\" style=\"width:150px; height:80px\" rows=\"5\" cols=\"20\"><\/textarea><fieldset class=\"knewstermsplus\"><input type=\"text\" name=\"email\" value=\"\" placeholder=\"\"><input type=\"checkbox\" name=\"knewstermsplus\" value=\"1\" title=\"I agree terms and conditions.\"><label for=\"knewstermsplus\">I agree terms and conditions.*<\/label><\/fieldset><fieldset class=\"knewsemail\"><label for=\"knewsemail2\" style=\"display:block;\">E-mail*<\/label><input type=\"text\" name=\"knewsemail2\" value=\"\" placeholder=\"\" style=\"display:block; margin-bottom:10px;\" \/><\/fieldset><input type=\"hidden\" name=\"user_knews_list\" value=\"3\" \/><input type=\"hidden\" name=\"lang_user\" value=\"fr\" \/><input type=\"hidden\" name=\"lang_locale_user\" value=\"fr_FR\" \/><input type=\"hidden\" name=\"knewskey\" value=\"24dd2fd66ee18b903bc9c3b0a259929c\" \/><fieldset class=\"requiredtext\"><span style=\"display:block; margin-bottom:10px;\"><small>* Ce champs est obligatoire<\/small><\/span><\/fieldset><fieldset class=\"knewsbutton\"><input class=\"knewsbutton\" type=\"submit\" value=\"Envoyer\" style=\"display:block; margin-bottom:10px;\" \/><\/fieldset>\r\n\t\t\t\t\t\t<input type=\"hidden\" name=\"action\" value=\"knewsAddUser\" \/>\r\n\t\t\t\t\t<\/form>\r\n\t\t\t\t<\/div>\n<\/div><\/section><\/div><div class=\"flex_column av_one_fifth  flex_column_div   \" ><div class='avia-image-container avia_animated_image avia_animate_when_almost_visible bottom-to-top av-styling-    avia-align-right '  itemprop=\"ImageObject\" itemscope=\"itemscope\" itemtype=\"https:\/\/schema.org\/ImageObject\"  ><div class='avia-image-container-inner'><img class='avia_image ' src='https:\/\/www.woodcracker.com\/wp-content\/uploads\/2014\/05\/newsletter.png' alt='' title='newsletter'   itemprop=\"thumbnailUrl\"  \/><\/div><\/div><\/div><\/p>\n<section class=\"av_textblock_section \"  itemscope=\"itemscope\" itemtype=\"https:\/\/schema.org\/CreativeWork\" ><div class='avia_textblock  '   itemprop=\"text\" ><address><em>Dans chaque Newsletter vous avez la possibilit\u00e9 de vous desinscrire. Si l&rsquo;adresse e-mail est trouv\u00e9 dans notre syst\u00e8me de gestion, cela sera supprim\u00e9 et vous ne recevrez plus d&rsquo;autres messsages. Vos donn\u00e9es sont tra\u00eet\u00e9 confidentiellement et ne pas transmis \u00e0 tierce personne.<\/em><\/address>\n<\/div><\/section>\n","protected":false},"excerpt":{"rendered":"","protected":false},"author":1,"featured_media":0,"parent":1165,"menu_order":32,"comment_status":"open","ping_status":"open","template":"","meta":{"footnotes":""},"class_list":["post-931","page","type-page","status-publish","hentry"],"yoast_head":"<!-- This site is optimized with the Yoast SEO plugin v25.4 - https:\/\/yoast.com\/wordpress\/plugins\/seo\/ -->\n<title>Newsletter | WESTTECH .:. Woodcracker<\/title>\n<meta name=\"description\" content=\"Le e-mail Newsletter est un service gratuit de Westtech. Il apparait dans des int\u00e9rvalles irreguli\u00e8res et r\u00e9sume tous les nouveaut\u00e9s de la maison Westtech.\" \/>\n<meta name=\"robots\" content=\"index, follow, max-snippet:-1, max-image-preview:large, max-video-preview:-1\" \/>\n<link rel=\"canonical\" href=\"https:\/\/www.woodcracker.com\/fr\/newsroom\/newsletter\/\" \/>\n<meta property=\"og:locale\" content=\"fr_FR\" \/>\n<meta property=\"og:type\" content=\"article\" \/>\n<meta property=\"og:title\" content=\"Newsletter | WESTTECH .:. Woodcracker\" \/>\n<meta property=\"og:description\" content=\"Le e-mail Newsletter est un service gratuit de Westtech. Il apparait dans des int\u00e9rvalles irreguli\u00e8res et r\u00e9sume tous les nouveaut\u00e9s de la maison Westtech.\" \/>\n<meta property=\"og:url\" content=\"https:\/\/www.woodcracker.com\/fr\/newsroom\/newsletter\/\" \/>\n<meta property=\"og:site_name\" content=\"WESTTECH .:. Woodcracker\" \/>\n<meta property=\"article:publisher\" content=\"https:\/\/www.facebook.com\/woodcracker\" \/>\n<meta property=\"article:modified_time\" content=\"2018-04-05T11:55:16+00:00\" \/>\n<meta name=\"twitter:label1\" content=\"Dur\u00e9e de lecture estim\u00e9e\" \/>\n\t<meta name=\"twitter:data1\" content=\"1 minute\" \/>\n<script type=\"application\/ld+json\" class=\"yoast-schema-graph\">{\"@context\":\"https:\/\/schema.org\",\"@graph\":[{\"@type\":\"WebPage\",\"@id\":\"https:\/\/www.woodcracker.com\/fr\/newsroom\/newsletter\/\",\"url\":\"https:\/\/www.woodcracker.com\/fr\/newsroom\/newsletter\/\",\"name\":\"Newsletter | WESTTECH .:. Woodcracker\",\"isPartOf\":{\"@id\":\"https:\/\/www.woodcracker.com\/fr\/#website\"},\"datePublished\":\"2014-05-21T12:55:15+00:00\",\"dateModified\":\"2018-04-05T11:55:16+00:00\",\"description\":\"Le e-mail Newsletter est un service gratuit de Westtech. Il apparait dans des int\u00e9rvalles irreguli\u00e8res et r\u00e9sume tous les nouveaut\u00e9s de la maison Westtech.\",\"breadcrumb\":{\"@id\":\"https:\/\/www.woodcracker.com\/fr\/newsroom\/newsletter\/#breadcrumb\"},\"inLanguage\":\"fr-FR\",\"potentialAction\":[{\"@type\":\"ReadAction\",\"target\":[\"https:\/\/www.woodcracker.com\/fr\/newsroom\/newsletter\/\"]}]},{\"@type\":\"BreadcrumbList\",\"@id\":\"https:\/\/www.woodcracker.com\/fr\/newsroom\/newsletter\/#breadcrumb\",\"itemListElement\":[{\"@type\":\"ListItem\",\"position\":1,\"name\":\"Startseite\",\"item\":\"https:\/\/www.woodcracker.com\/fr\/maison\/\"},{\"@type\":\"ListItem\",\"position\":2,\"name\":\"Newsroom\",\"item\":\"https:\/\/www.woodcracker.com\/fr\/newsroom\/\"},{\"@type\":\"ListItem\",\"position\":3,\"name\":\"Newsletter\"}]},{\"@type\":\"WebSite\",\"@id\":\"https:\/\/www.woodcracker.com\/fr\/#website\",\"url\":\"https:\/\/www.woodcracker.com\/fr\/\",\"name\":\"WESTTECH .:. Woodcracker\",\"description\":\"\",\"potentialAction\":[{\"@type\":\"SearchAction\",\"target\":{\"@type\":\"EntryPoint\",\"urlTemplate\":\"https:\/\/www.woodcracker.com\/fr\/?s={search_term_string}\"},\"query-input\":{\"@type\":\"PropertyValueSpecification\",\"valueRequired\":true,\"valueName\":\"search_term_string\"}}],\"inLanguage\":\"fr-FR\"}]}<\/script>\n<!-- \/ Yoast SEO plugin. -->","yoast_head_json":{"title":"Newsletter | WESTTECH .:. Woodcracker","description":"Le e-mail Newsletter est un service gratuit de Westtech. Il apparait dans des int\u00e9rvalles irreguli\u00e8res et r\u00e9sume tous les nouveaut\u00e9s de la maison Westtech.","robots":{"index":"index","follow":"follow","max-snippet":"max-snippet:-1","max-image-preview":"max-image-preview:large","max-video-preview":"max-video-preview:-1"},"canonical":"https:\/\/www.woodcracker.com\/fr\/newsroom\/newsletter\/","og_locale":"fr_FR","og_type":"article","og_title":"Newsletter | WESTTECH .:. Woodcracker","og_description":"Le e-mail Newsletter est un service gratuit de Westtech. Il apparait dans des int\u00e9rvalles irreguli\u00e8res et r\u00e9sume tous les nouveaut\u00e9s de la maison Westtech.","og_url":"https:\/\/www.woodcracker.com\/fr\/newsroom\/newsletter\/","og_site_name":"WESTTECH .:. Woodcracker","article_publisher":"https:\/\/www.facebook.com\/woodcracker","article_modified_time":"2018-04-05T11:55:16+00:00","twitter_misc":{"Dur\u00e9e de lecture estim\u00e9e":"1 minute"},"schema":{"@context":"https:\/\/schema.org","@graph":[{"@type":"WebPage","@id":"https:\/\/www.woodcracker.com\/fr\/newsroom\/newsletter\/","url":"https:\/\/www.woodcracker.com\/fr\/newsroom\/newsletter\/","name":"Newsletter | WESTTECH .:. Woodcracker","isPartOf":{"@id":"https:\/\/www.woodcracker.com\/fr\/#website"},"datePublished":"2014-05-21T12:55:15+00:00","dateModified":"2018-04-05T11:55:16+00:00","description":"Le e-mail Newsletter est un service gratuit de Westtech. Il apparait dans des int\u00e9rvalles irreguli\u00e8res et r\u00e9sume tous les nouveaut\u00e9s de la maison Westtech.","breadcrumb":{"@id":"https:\/\/www.woodcracker.com\/fr\/newsroom\/newsletter\/#breadcrumb"},"inLanguage":"fr-FR","potentialAction":[{"@type":"ReadAction","target":["https:\/\/www.woodcracker.com\/fr\/newsroom\/newsletter\/"]}]},{"@type":"BreadcrumbList","@id":"https:\/\/www.woodcracker.com\/fr\/newsroom\/newsletter\/#breadcrumb","itemListElement":[{"@type":"ListItem","position":1,"name":"Startseite","item":"https:\/\/www.woodcracker.com\/fr\/maison\/"},{"@type":"ListItem","position":2,"name":"Newsroom","item":"https:\/\/www.woodcracker.com\/fr\/newsroom\/"},{"@type":"ListItem","position":3,"name":"Newsletter"}]},{"@type":"WebSite","@id":"https:\/\/www.woodcracker.com\/fr\/#website","url":"https:\/\/www.woodcracker.com\/fr\/","name":"WESTTECH .:. Woodcracker","description":"","potentialAction":[{"@type":"SearchAction","target":{"@type":"EntryPoint","urlTemplate":"https:\/\/www.woodcracker.com\/fr\/?s={search_term_string}"},"query-input":{"@type":"PropertyValueSpecification","valueRequired":true,"valueName":"search_term_string"}}],"inLanguage":"fr-FR"}]}},"_links":{"self":[{"href":"https:\/\/www.woodcracker.com\/fr\/wp-json\/wp\/v2\/pages\/931"}],"collection":[{"href":"https:\/\/www.woodcracker.com\/fr\/wp-json\/wp\/v2\/pages"}],"about":[{"href":"https:\/\/www.woodcracker.com\/fr\/wp-json\/wp\/v2\/types\/page"}],"author":[{"embeddable":true,"href":"https:\/\/www.woodcracker.com\/fr\/wp-json\/wp\/v2\/users\/1"}],"replies":[{"embeddable":true,"href":"https:\/\/www.woodcracker.com\/fr\/wp-json\/wp\/v2\/comments?post=931"}],"version-history":[{"count":5,"href":"https:\/\/www.woodcracker.com\/fr\/wp-json\/wp\/v2\/pages\/931\/revisions"}],"predecessor-version":[{"id":1706,"href":"https:\/\/www.woodcracker.com\/fr\/wp-json\/wp\/v2\/pages\/931\/revisions\/1706"}],"up":[{"embeddable":true,"href":"https:\/\/www.woodcracker.com\/fr\/wp-json\/wp\/v2\/pages\/1165"}],"wp:attachment":[{"href":"https:\/\/www.woodcracker.com\/fr\/wp-json\/wp\/v2\/media?parent=931"}],"curies":[{"name":"wp","href":"https:\/\/api.w.org\/{rel}","templated":true}]}}