{"id":1375,"date":"2014-05-08T14:56:37","date_gmt":"2014-05-08T12:56:37","guid":{"rendered":"https:\/\/www.woodcracker.com\/?page_id=1375"},"modified":"2018-09-06T10:31:59","modified_gmt":"2018-09-06T08:31:59","slug":"cgv","status":"publish","type":"page","link":"https:\/\/www.woodcracker.com\/fr\/cgv\/","title":{"rendered":"CGV"},"content":{"rendered":"<section class=\"av_textblock_section \"  itemscope=\"itemscope\" itemtype=\"https:\/\/schema.org\/CreativeWork\" ><div class='avia_textblock  '   itemprop=\"text\" ><p style=\"text-align: center;\">Conditions g\u00e9n\u00e9rales de Vente (CGV) applicables \u00e0 tous produits vendus par<br \/>\nla soci\u00e9t\u00e9 WESTTECH Maschinenbau GmbH:<\/p>\n<\/div><\/section>\n<div style='height:10px' class='hr hr-invisible  '><span class='hr-inner ' ><span class='hr-inner-style'><\/span><\/span><\/div>\n<section class=\"av_textblock_section \"  itemscope=\"itemscope\" itemtype=\"https:\/\/schema.org\/CreativeWork\" ><div class='avia_textblock  '   itemprop=\"text\" ><p style=\"text-align: center;\"><a href=\"https:\/\/www.woodcracker.com\/wp-content\/uploads\/2018\/09\/AGB-USA.pdf\" target=\"_blank\" rel=\"noopener\">\u00bb T\u00e9l\u00e9charger les CGV <\/a>\u00a0(PDF)<\/p>\n<\/div><\/section>\n","protected":false},"excerpt":{"rendered":"","protected":false},"author":1,"featured_media":0,"parent":0,"menu_order":1010,"comment_status":"open","ping_status":"open","template":"","meta":{"footnotes":""},"class_list":["post-1375","page","type-page","status-publish","hentry"],"yoast_head":"<!-- This site is optimized with the Yoast SEO plugin v25.4 - https:\/\/yoast.com\/wordpress\/plugins\/seo\/ -->\n<title>CGV | WESTTECH .:. Woodcracker<\/title>\n<meta name=\"robots\" content=\"index, follow, max-snippet:-1, max-image-preview:large, max-video-preview:-1\" \/>\n<link rel=\"canonical\" href=\"https:\/\/www.woodcracker.com\/fr\/cgv\/\" \/>\n<meta property=\"og:locale\" content=\"fr_FR\" \/>\n<meta property=\"og:type\" content=\"article\" \/>\n<meta property=\"og:title\" content=\"CGV | WESTTECH .:. Woodcracker\" \/>\n<meta property=\"og:url\" content=\"https:\/\/www.woodcracker.com\/fr\/cgv\/\" \/>\n<meta property=\"og:site_name\" content=\"WESTTECH .:. Woodcracker\" \/>\n<meta property=\"article:publisher\" content=\"https:\/\/www.facebook.com\/woodcracker\" \/>\n<meta property=\"article:modified_time\" content=\"2018-09-06T08:31:59+00:00\" \/>\n<script type=\"application\/ld+json\" class=\"yoast-schema-graph\">{\"@context\":\"https:\/\/schema.org\",\"@graph\":[{\"@type\":\"WebPage\",\"@id\":\"https:\/\/www.woodcracker.com\/fr\/cgv\/\",\"url\":\"https:\/\/www.woodcracker.com\/fr\/cgv\/\",\"name\":\"CGV | WESTTECH .:. Woodcracker\",\"isPartOf\":{\"@id\":\"https:\/\/www.woodcracker.com\/fr\/#website\"},\"datePublished\":\"2014-05-08T12:56:37+00:00\",\"dateModified\":\"2018-09-06T08:31:59+00:00\",\"breadcrumb\":{\"@id\":\"https:\/\/www.woodcracker.com\/fr\/cgv\/#breadcrumb\"},\"inLanguage\":\"fr-FR\",\"potentialAction\":[{\"@type\":\"ReadAction\",\"target\":[\"https:\/\/www.woodcracker.com\/fr\/cgv\/\"]}]},{\"@type\":\"BreadcrumbList\",\"@id\":\"https:\/\/www.woodcracker.com\/fr\/cgv\/#breadcrumb\",\"itemListElement\":[{\"@type\":\"ListItem\",\"position\":1,\"name\":\"Startseite\",\"item\":\"https:\/\/www.woodcracker.com\/fr\/maison\/\"},{\"@type\":\"ListItem\",\"position\":2,\"name\":\"CGV\"}]},{\"@type\":\"WebSite\",\"@id\":\"https:\/\/www.woodcracker.com\/fr\/#website\",\"url\":\"https:\/\/www.woodcracker.com\/fr\/\",\"name\":\"WESTTECH .:. Woodcracker\",\"description\":\"\",\"potentialAction\":[{\"@type\":\"SearchAction\",\"target\":{\"@type\":\"EntryPoint\",\"urlTemplate\":\"https:\/\/www.woodcracker.com\/fr\/?s={search_term_string}\"},\"query-input\":{\"@type\":\"PropertyValueSpecification\",\"valueRequired\":true,\"valueName\":\"search_term_string\"}}],\"inLanguage\":\"fr-FR\"}]}<\/script>\n<!-- \/ Yoast SEO plugin. -->","yoast_head_json":{"title":"CGV | WESTTECH .:. Woodcracker","robots":{"index":"index","follow":"follow","max-snippet":"max-snippet:-1","max-image-preview":"max-image-preview:large","max-video-preview":"max-video-preview:-1"},"canonical":"https:\/\/www.woodcracker.com\/fr\/cgv\/","og_locale":"fr_FR","og_type":"article","og_title":"CGV | WESTTECH .:. Woodcracker","og_url":"https:\/\/www.woodcracker.com\/fr\/cgv\/","og_site_name":"WESTTECH .:. Woodcracker","article_publisher":"https:\/\/www.facebook.com\/woodcracker","article_modified_time":"2018-09-06T08:31:59+00:00","schema":{"@context":"https:\/\/schema.org","@graph":[{"@type":"WebPage","@id":"https:\/\/www.woodcracker.com\/fr\/cgv\/","url":"https:\/\/www.woodcracker.com\/fr\/cgv\/","name":"CGV | WESTTECH .:. Woodcracker","isPartOf":{"@id":"https:\/\/www.woodcracker.com\/fr\/#website"},"datePublished":"2014-05-08T12:56:37+00:00","dateModified":"2018-09-06T08:31:59+00:00","breadcrumb":{"@id":"https:\/\/www.woodcracker.com\/fr\/cgv\/#breadcrumb"},"inLanguage":"fr-FR","potentialAction":[{"@type":"ReadAction","target":["https:\/\/www.woodcracker.com\/fr\/cgv\/"]}]},{"@type":"BreadcrumbList","@id":"https:\/\/www.woodcracker.com\/fr\/cgv\/#breadcrumb","itemListElement":[{"@type":"ListItem","position":1,"name":"Startseite","item":"https:\/\/www.woodcracker.com\/fr\/maison\/"},{"@type":"ListItem","position":2,"name":"CGV"}]},{"@type":"WebSite","@id":"https:\/\/www.woodcracker.com\/fr\/#website","url":"https:\/\/www.woodcracker.com\/fr\/","name":"WESTTECH .:. Woodcracker","description":"","potentialAction":[{"@type":"SearchAction","target":{"@type":"EntryPoint","urlTemplate":"https:\/\/www.woodcracker.com\/fr\/?s={search_term_string}"},"query-input":{"@type":"PropertyValueSpecification","valueRequired":true,"valueName":"search_term_string"}}],"inLanguage":"fr-FR"}]}},"_links":{"self":[{"href":"https:\/\/www.woodcracker.com\/fr\/wp-json\/wp\/v2\/pages\/1375"}],"collection":[{"href":"https:\/\/www.woodcracker.com\/fr\/wp-json\/wp\/v2\/pages"}],"about":[{"href":"https:\/\/www.woodcracker.com\/fr\/wp-json\/wp\/v2\/types\/page"}],"author":[{"embeddable":true,"href":"https:\/\/www.woodcracker.com\/fr\/wp-json\/wp\/v2\/users\/1"}],"replies":[{"embeddable":true,"href":"https:\/\/www.woodcracker.com\/fr\/wp-json\/wp\/v2\/comments?post=1375"}],"version-history":[{"count":11,"href":"https:\/\/www.woodcracker.com\/fr\/wp-json\/wp\/v2\/pages\/1375\/revisions"}],"predecessor-version":[{"id":1749,"href":"https:\/\/www.woodcracker.com\/fr\/wp-json\/wp\/v2\/pages\/1375\/revisions\/1749"}],"wp:attachment":[{"href":"https:\/\/www.woodcracker.com\/fr\/wp-json\/wp\/v2\/media?parent=1375"}],"curies":[{"name":"wp","href":"https:\/\/api.w.org\/{rel}","templated":true}]}}