{"id":1332,"date":"2014-07-15T12:53:49","date_gmt":"2014-07-15T10:53:49","guid":{"rendered":"https:\/\/www.woodcracker.com\/?page_id=1332"},"modified":"2018-04-05T13:58:29","modified_gmt":"2018-04-05T11:58:29","slug":"evenements","status":"publish","type":"page","link":"https:\/\/www.woodcracker.com\/fr\/newsroom\/evenements\/","title":{"rendered":"\u00c9venements"},"content":{"rendered":"<div class=\"flex_column av_one_fifth  flex_column_div first  \" ><div class='avia-image-container avia_animated_image avia_animate_when_almost_visible bottom-to-top av-styling-    avia-align- '  itemprop=\"ImageObject\" itemscope=\"itemscope\" itemtype=\"https:\/\/schema.org\/ImageObject\"  ><div class='avia-image-container-inner'><img class='avia_image ' src='https:\/\/www.woodcracker.com\/wp-content\/uploads\/2014\/05\/kalender.png' alt='' title='kalender'   itemprop=\"thumbnailUrl\"  \/><\/div><\/div><\/div>\n<div class=\"flex_column av_four_fifth  flex_column_div   \" ><section class=\"av_textblock_section \"  itemscope=\"itemscope\" itemtype=\"https:\/\/schema.org\/CreativeWork\" ><div class='avia_textblock  '   itemprop=\"text\" ><p><strong>Nous vous invitons de nous rendre visite lors de nos manifestations et salons!<\/strong><\/p>\n<p>Ci-apr\u00e8s vous trouvez une liste des \u00e9venements. Nous s\u00e9rions heureux de vous rencontrer lors des ces manifestations!<\/p>\n<\/div><\/section><\/div><div style='height:40px' class='hr hr-invisible  '><span class='hr-inner ' ><span class='hr-inner-style'><\/span><\/span><\/div><\/p>\n<section class=\"av_textblock_section \"  itemscope=\"itemscope\" itemtype=\"https:\/\/schema.org\/CreativeWork\" ><div class='avia_textblock  '   itemprop=\"text\" ><p>CONTENTS<\/p>\n<\/div><\/section>\n","protected":false},"excerpt":{"rendered":"","protected":false},"author":1,"featured_media":0,"parent":1165,"menu_order":33,"comment_status":"open","ping_status":"open","template":"","meta":{"footnotes":""},"class_list":["post-1332","page","type-page","status-publish","hentry"],"yoast_head":"<!-- This site is optimized with the Yoast SEO plugin v25.4 - https:\/\/yoast.com\/wordpress\/plugins\/seo\/ -->\n<title>\u00c9venements | WESTTECH .:. Woodcracker<\/title>\n<meta name=\"description\" content=\"Nous vous invitons de nous rendre visite lors de nos manifestations et salons! Ci-apr\u00e8s vous trouvez une liste des \u00e9venements. Nous s\u00e9rions heureux de vous rencontrer lors des ces manifestations!\" \/>\n<meta name=\"robots\" content=\"index, follow, max-snippet:-1, max-image-preview:large, max-video-preview:-1\" \/>\n<link rel=\"canonical\" href=\"https:\/\/www.woodcracker.com\/fr\/newsroom\/evenements\/\" \/>\n<meta property=\"og:locale\" content=\"fr_FR\" \/>\n<meta property=\"og:type\" content=\"article\" \/>\n<meta property=\"og:title\" content=\"\u00c9venements | WESTTECH .:. Woodcracker\" \/>\n<meta property=\"og:description\" content=\"Nous vous invitons de nous rendre visite lors de nos manifestations et salons! Ci-apr\u00e8s vous trouvez une liste des \u00e9venements. Nous s\u00e9rions heureux de vous rencontrer lors des ces manifestations!\" \/>\n<meta property=\"og:url\" content=\"https:\/\/www.woodcracker.com\/fr\/newsroom\/evenements\/\" \/>\n<meta property=\"og:site_name\" content=\"WESTTECH .:. Woodcracker\" \/>\n<meta property=\"article:publisher\" content=\"https:\/\/www.facebook.com\/woodcracker\" \/>\n<meta property=\"article:modified_time\" content=\"2018-04-05T11:58:29+00:00\" \/>\n<script type=\"application\/ld+json\" class=\"yoast-schema-graph\">{\"@context\":\"https:\/\/schema.org\",\"@graph\":[{\"@type\":\"WebPage\",\"@id\":\"https:\/\/www.woodcracker.com\/fr\/newsroom\/evenements\/\",\"url\":\"https:\/\/www.woodcracker.com\/fr\/newsroom\/evenements\/\",\"name\":\"\u00c9venements | WESTTECH .:. Woodcracker\",\"isPartOf\":{\"@id\":\"https:\/\/www.woodcracker.com\/fr\/#website\"},\"datePublished\":\"2014-07-15T10:53:49+00:00\",\"dateModified\":\"2018-04-05T11:58:29+00:00\",\"description\":\"Nous vous invitons de nous rendre visite lors de nos manifestations et salons! Ci-apr\u00e8s vous trouvez une liste des \u00e9venements. Nous s\u00e9rions heureux de vous rencontrer lors des ces manifestations!\",\"breadcrumb\":{\"@id\":\"https:\/\/www.woodcracker.com\/fr\/newsroom\/evenements\/#breadcrumb\"},\"inLanguage\":\"fr-FR\",\"potentialAction\":[{\"@type\":\"ReadAction\",\"target\":[\"https:\/\/www.woodcracker.com\/fr\/newsroom\/evenements\/\"]}]},{\"@type\":\"BreadcrumbList\",\"@id\":\"https:\/\/www.woodcracker.com\/fr\/newsroom\/evenements\/#breadcrumb\",\"itemListElement\":[{\"@type\":\"ListItem\",\"position\":1,\"name\":\"Startseite\",\"item\":\"https:\/\/www.woodcracker.com\/fr\/maison\/\"},{\"@type\":\"ListItem\",\"position\":2,\"name\":\"Newsroom\",\"item\":\"https:\/\/www.woodcracker.com\/fr\/newsroom\/\"},{\"@type\":\"ListItem\",\"position\":3,\"name\":\"\u00c9venements\"}]},{\"@type\":\"WebSite\",\"@id\":\"https:\/\/www.woodcracker.com\/fr\/#website\",\"url\":\"https:\/\/www.woodcracker.com\/fr\/\",\"name\":\"WESTTECH .:. Woodcracker\",\"description\":\"\",\"potentialAction\":[{\"@type\":\"SearchAction\",\"target\":{\"@type\":\"EntryPoint\",\"urlTemplate\":\"https:\/\/www.woodcracker.com\/fr\/?s={search_term_string}\"},\"query-input\":{\"@type\":\"PropertyValueSpecification\",\"valueRequired\":true,\"valueName\":\"search_term_string\"}}],\"inLanguage\":\"fr-FR\"}]}<\/script>\n<!-- \/ Yoast SEO plugin. -->","yoast_head_json":{"title":"\u00c9venements | WESTTECH .:. Woodcracker","description":"Nous vous invitons de nous rendre visite lors de nos manifestations et salons! Ci-apr\u00e8s vous trouvez une liste des \u00e9venements. Nous s\u00e9rions heureux de vous rencontrer lors des ces manifestations!","robots":{"index":"index","follow":"follow","max-snippet":"max-snippet:-1","max-image-preview":"max-image-preview:large","max-video-preview":"max-video-preview:-1"},"canonical":"https:\/\/www.woodcracker.com\/fr\/newsroom\/evenements\/","og_locale":"fr_FR","og_type":"article","og_title":"\u00c9venements | WESTTECH .:. Woodcracker","og_description":"Nous vous invitons de nous rendre visite lors de nos manifestations et salons! Ci-apr\u00e8s vous trouvez une liste des \u00e9venements. Nous s\u00e9rions heureux de vous rencontrer lors des ces manifestations!","og_url":"https:\/\/www.woodcracker.com\/fr\/newsroom\/evenements\/","og_site_name":"WESTTECH .:. Woodcracker","article_publisher":"https:\/\/www.facebook.com\/woodcracker","article_modified_time":"2018-04-05T11:58:29+00:00","schema":{"@context":"https:\/\/schema.org","@graph":[{"@type":"WebPage","@id":"https:\/\/www.woodcracker.com\/fr\/newsroom\/evenements\/","url":"https:\/\/www.woodcracker.com\/fr\/newsroom\/evenements\/","name":"\u00c9venements | WESTTECH .:. Woodcracker","isPartOf":{"@id":"https:\/\/www.woodcracker.com\/fr\/#website"},"datePublished":"2014-07-15T10:53:49+00:00","dateModified":"2018-04-05T11:58:29+00:00","description":"Nous vous invitons de nous rendre visite lors de nos manifestations et salons! Ci-apr\u00e8s vous trouvez une liste des \u00e9venements. Nous s\u00e9rions heureux de vous rencontrer lors des ces manifestations!","breadcrumb":{"@id":"https:\/\/www.woodcracker.com\/fr\/newsroom\/evenements\/#breadcrumb"},"inLanguage":"fr-FR","potentialAction":[{"@type":"ReadAction","target":["https:\/\/www.woodcracker.com\/fr\/newsroom\/evenements\/"]}]},{"@type":"BreadcrumbList","@id":"https:\/\/www.woodcracker.com\/fr\/newsroom\/evenements\/#breadcrumb","itemListElement":[{"@type":"ListItem","position":1,"name":"Startseite","item":"https:\/\/www.woodcracker.com\/fr\/maison\/"},{"@type":"ListItem","position":2,"name":"Newsroom","item":"https:\/\/www.woodcracker.com\/fr\/newsroom\/"},{"@type":"ListItem","position":3,"name":"\u00c9venements"}]},{"@type":"WebSite","@id":"https:\/\/www.woodcracker.com\/fr\/#website","url":"https:\/\/www.woodcracker.com\/fr\/","name":"WESTTECH .:. Woodcracker","description":"","potentialAction":[{"@type":"SearchAction","target":{"@type":"EntryPoint","urlTemplate":"https:\/\/www.woodcracker.com\/fr\/?s={search_term_string}"},"query-input":{"@type":"PropertyValueSpecification","valueRequired":true,"valueName":"search_term_string"}}],"inLanguage":"fr-FR"}]}},"_links":{"self":[{"href":"https:\/\/www.woodcracker.com\/fr\/wp-json\/wp\/v2\/pages\/1332"}],"collection":[{"href":"https:\/\/www.woodcracker.com\/fr\/wp-json\/wp\/v2\/pages"}],"about":[{"href":"https:\/\/www.woodcracker.com\/fr\/wp-json\/wp\/v2\/types\/page"}],"author":[{"embeddable":true,"href":"https:\/\/www.woodcracker.com\/fr\/wp-json\/wp\/v2\/users\/1"}],"replies":[{"embeddable":true,"href":"https:\/\/www.woodcracker.com\/fr\/wp-json\/wp\/v2\/comments?post=1332"}],"version-history":[{"count":4,"href":"https:\/\/www.woodcracker.com\/fr\/wp-json\/wp\/v2\/pages\/1332\/revisions"}],"predecessor-version":[{"id":8304,"href":"https:\/\/www.woodcracker.com\/fr\/wp-json\/wp\/v2\/pages\/1332\/revisions\/8304"}],"up":[{"embeddable":true,"href":"https:\/\/www.woodcracker.com\/fr\/wp-json\/wp\/v2\/pages\/1165"}],"wp:attachment":[{"href":"https:\/\/www.woodcracker.com\/fr\/wp-json\/wp\/v2\/media?parent=1332"}],"curies":[{"name":"wp","href":"https:\/\/api.w.org\/{rel}","templated":true}]}}