{"id":1041,"date":"2014-07-08T14:02:15","date_gmt":"2014-07-08T12:02:15","guid":{"rendered":"https:\/\/www.woodcracker.com\/?page_id=1041"},"modified":"2018-08-03T15:32:13","modified_gmt":"2018-08-03T13:32:13","slug":"biomasse-logistique","status":"publish","type":"page","link":"https:\/\/www.woodcracker.com\/fr\/societe\/biomasse-logistique\/","title":{"rendered":"Biomasse Logistique"},"content":{"rendered":"<section class=\"av_textblock_section \"  itemscope=\"itemscope\" itemtype=\"https:\/\/schema.org\/CreativeWork\" ><div class='avia_textblock  '   itemprop=\"text\" ><p>Avec notre gamme de produits\u00a0WOODCRACKER et notre savoir-faire,\u00a0Westtech est votre partenaire id\u00e9al dans\u00a0toute la cha\u00eene logistique de la biomasse.<\/p>\n<p><strong>R\u00e9colte &gt; d\u00e9pose &gt; transport &gt; d\u00e9chiquetage &gt; utilisation<\/strong><\/p>\n<\/div><\/section>\n<section class=\"avia_codeblock_section  avia_code_block_0\"  itemscope=\"itemscope\" itemtype=\"https:\/\/schema.org\/CreativeWork\" ><div class='avia_codeblock '  itemprop=\"text\" > [avia_codeblock_placeholder uid=\"0\"] <\/div><\/section>\n<div  data-size='no scaling'  data-lightbox_size='large'  data-animation='slide'  data-ids='787,788,789,790,791,792,793'  data-video_counter='0'  data-autoplay='true'  data-bg_slider='false'  data-slide_height=''  data-handle='av_slideshow'  data-interval='6'  data-class=' '  data-css_id=''  data-scroll_down=''  data-control_layout='av-control-default'  data-custom_markup=''  data-perma_caption=''  data-autoplay_stopper=''  data-image_attachment=''  data-min_height='0px'  class='avia-slideshow avia-slideshow-1  av-control-default av-default-height-applied avia-slideshow-no scaling av_slideshow   avia-slide-slider '  itemprop=\"ImageObject\" itemscope=\"itemscope\" itemtype=\"https:\/\/schema.org\/ImageObject\" ><ul class='avia-slideshow-inner' style='padding-bottom: 49.295774647887%;'><li  class=' slide-1 ' ><div data-rel='slideshow-1' class='avia-slide-wrap'  ><div class=\"avia-caption av-slideshow-caption\"><div class=\"avia-inner-caption\"><h2  class='avia-caption-title '  itemprop=\"name\" >Woodcracker\u00ae C et CL pour la r\u00e9colte des arbres et arbustes d\u2019un diam\u00e8tre de 6 \u00e0 22 inches<\/h2><\/div><\/div><img src='https:\/\/www.woodcracker.com\/wp-content\/uploads\/2014\/06\/logistik-1.jpg' width='710' height='350' title='logistik 1' alt=''  itemprop=\"thumbnailUrl\"   \/><\/div><\/li><li  class=' slide-2 ' ><div data-rel='slideshow-1' class='avia-slide-wrap'  ><div class=\"avia-caption av-slideshow-caption\"><div class=\"avia-inner-caption\"><h2  class='avia-caption-title '  itemprop=\"name\" >Woodcracker L und W pour la fente des gros troncs pour faciliter la suite du traitement<\/h2><\/div><\/div><img src='https:\/\/www.woodcracker.com\/wp-content\/uploads\/2014\/06\/logistik-2.jpg' width='710' height='350' title='logistik 2' alt=''  itemprop=\"thumbnailUrl\"   \/><\/div><\/li><li  class=' slide-3 ' ><div data-rel='slideshow-1' class='avia-slide-wrap'  ><div class=\"avia-caption av-slideshow-caption\"><div class=\"avia-inner-caption\"><h2  class='avia-caption-title '  itemprop=\"name\" >Woodcracker L und W pour la fente des gros troncs pour faciliter la suite du traitement<\/h2><\/div><\/div><img src='https:\/\/www.woodcracker.com\/wp-content\/uploads\/2014\/06\/logistik-3.jpg' width='710' height='350' title='logistik 3' alt=''  itemprop=\"thumbnailUrl\"   \/><\/div><\/li><li  class=' slide-4 ' ><div data-rel='slideshow-1' class='avia-slide-wrap'  ><div class=\"avia-caption av-slideshow-caption\"><div class=\"avia-inner-caption\"><h2  class='avia-caption-title '  itemprop=\"name\" >Woodcracker S pour la coupe des souches \u00e0 ras du sol<\/h2><\/div><\/div><img src='https:\/\/www.woodcracker.com\/wp-content\/uploads\/2014\/06\/logistik-4.jpg' width='710' height='350' title='logistik 4' alt=''  itemprop=\"thumbnailUrl\"   \/><\/div><\/li><li  class=' slide-5 ' ><div data-rel='slideshow-1' class='avia-slide-wrap'  ><div class=\"avia-caption av-slideshow-caption\"><div class=\"avia-inner-caption\"><h2  class='avia-caption-title '  itemprop=\"name\" >Woodcracker R enl\u00e8ve la souche compl\u00e8te du sol et pr\u00e9pare la r\u00e9colte des racines pour la suite<\/h2><\/div><\/div><img src='https:\/\/www.woodcracker.com\/wp-content\/uploads\/2014\/06\/logistik-5.jpg' width='710' height='350' title='logistik 5' alt=''  itemprop=\"thumbnailUrl\"   \/><\/div><\/li><li  class=' slide-6 ' ><div data-rel='slideshow-1' class='avia-slide-wrap'  ><div class=\"avia-caption av-slideshow-caption\"><div class=\"avia-inner-caption\"><h2  class='avia-caption-title '  itemprop=\"name\" >Woodcracker G collecte du mat\u00e9riel forestier du sol<\/h2><\/div><\/div><img src='https:\/\/www.woodcracker.com\/wp-content\/uploads\/2014\/06\/logistik-6.jpg' width='710' height='350' title='logistik 6' alt=''  itemprop=\"thumbnailUrl\"   \/><\/div><\/li><li  class=' slide-7 ' ><div data-rel='slideshow-1' class='avia-slide-wrap'  ><div class=\"avia-caption av-slideshow-caption\"><div class=\"avia-inner-caption\"><h2  class='avia-caption-title '  itemprop=\"name\" >Le d\u00e9chiquetage du mat\u00e9riel de r\u00e9colte de bois cr\u00e9e une biomasse pr\u00e9cieuse pour l\u2019utilisation \u00e9nerg\u00e9tique<\/h2><\/div><\/div><img src='https:\/\/www.woodcracker.com\/wp-content\/uploads\/2014\/06\/logistik-7.jpg' width='710' height='350' title='logistik 7' alt=''  itemprop=\"thumbnailUrl\"   \/><\/div><\/li><\/ul><div class='avia-slideshow-arrows avia-slideshow-controls'><a href='#prev' class='prev-slide' aria-hidden='true' data-av_icon='\ue87c' data-av_iconfont='entypo-fontello'>Pr\u00e9c\u00e9dent<\/a><a href='#next' class='next-slide' aria-hidden='true' data-av_icon='\ue87d' data-av_iconfont='entypo-fontello'>Suivant<\/a><\/div><div class='avia-slideshow-dots avia-slideshow-controls'><a href='#1' class='goto-slide active' >1<\/a><a href='#2' class='goto-slide ' >2<\/a><a href='#3' class='goto-slide ' >3<\/a><a href='#4' class='goto-slide ' >4<\/a><a href='#5' class='goto-slide ' >5<\/a><a href='#6' class='goto-slide ' >6<\/a><a href='#7' class='goto-slide ' >7<\/a><\/div><\/div>\n<div style='height:50px' class='hr hr-invisible  '><span class='hr-inner ' ><span class='hr-inner-style'><\/span><\/span><\/div>\n","protected":false},"excerpt":{"rendered":"","protected":false},"author":1,"featured_media":0,"parent":1201,"menu_order":42,"comment_status":"closed","ping_status":"open","template":"","meta":{"footnotes":""},"class_list":["post-1041","page","type-page","status-publish","hentry"],"yoast_head":"<!-- This site is optimized with the Yoast SEO plugin v25.4 - https:\/\/yoast.com\/wordpress\/plugins\/seo\/ -->\n<title>Biomasse Logistique | WESTTECH .:. Woodcracker<\/title>\n<meta name=\"description\" content=\"Avec notre gamme de produits\u00a0WOODCRACKER et notre savoir-faire,\u00a0Westtech est votre partenaire id\u00e9al dans\u00a0toute la cha\u00eene logistique de la biomasse: R\u00e9colte &gt; d\u00e9pose &gt; transport &gt; d\u00e9chiquetage &gt; utilisation\" \/>\n<meta name=\"robots\" content=\"index, follow, max-snippet:-1, max-image-preview:large, max-video-preview:-1\" \/>\n<link rel=\"canonical\" href=\"https:\/\/www.woodcracker.com\/fr\/societe\/biomasse-logistique\/\" \/>\n<meta property=\"og:locale\" content=\"fr_FR\" \/>\n<meta property=\"og:type\" content=\"article\" \/>\n<meta property=\"og:title\" content=\"Biomasse Logistique | WESTTECH .:. Woodcracker\" \/>\n<meta property=\"og:description\" content=\"Avec notre gamme de produits\u00a0WOODCRACKER et notre savoir-faire,\u00a0Westtech est votre partenaire id\u00e9al dans\u00a0toute la cha\u00eene logistique de la biomasse: R\u00e9colte &gt; d\u00e9pose &gt; transport &gt; d\u00e9chiquetage &gt; utilisation\" \/>\n<meta property=\"og:url\" content=\"https:\/\/www.woodcracker.com\/fr\/societe\/biomasse-logistique\/\" \/>\n<meta property=\"og:site_name\" content=\"WESTTECH .:. Woodcracker\" \/>\n<meta property=\"article:publisher\" content=\"https:\/\/www.facebook.com\/woodcracker\" \/>\n<meta property=\"article:modified_time\" content=\"2018-08-03T13:32:13+00:00\" \/>\n<meta property=\"og:image\" content=\"https:\/\/www.woodcracker.com\/wp-content\/uploads\/2018\/04\/biomasse-logistik-westtech1.gif\" \/>\n<meta name=\"twitter:label1\" content=\"Dur\u00e9e de lecture estim\u00e9e\" \/>\n\t<meta name=\"twitter:data1\" content=\"3 minutes\" \/>\n<script type=\"application\/ld+json\" class=\"yoast-schema-graph\">{\"@context\":\"https:\/\/schema.org\",\"@graph\":[{\"@type\":\"WebPage\",\"@id\":\"https:\/\/www.woodcracker.com\/fr\/societe\/biomasse-logistique\/\",\"url\":\"https:\/\/www.woodcracker.com\/fr\/societe\/biomasse-logistique\/\",\"name\":\"Biomasse Logistique | WESTTECH .:. Woodcracker\",\"isPartOf\":{\"@id\":\"https:\/\/www.woodcracker.com\/fr\/#website\"},\"primaryImageOfPage\":{\"@id\":\"https:\/\/www.woodcracker.com\/fr\/societe\/biomasse-logistique\/#primaryimage\"},\"image\":{\"@id\":\"https:\/\/www.woodcracker.com\/fr\/societe\/biomasse-logistique\/#primaryimage\"},\"thumbnailUrl\":\"https:\/\/www.woodcracker.com\/wp-content\/uploads\/2018\/04\/biomasse-logistik-westtech1.gif\",\"datePublished\":\"2014-07-08T12:02:15+00:00\",\"dateModified\":\"2018-08-03T13:32:13+00:00\",\"description\":\"Avec notre gamme de produits\u00a0WOODCRACKER et notre savoir-faire,\u00a0Westtech est votre partenaire id\u00e9al dans\u00a0toute la cha\u00eene logistique de la biomasse: R\u00e9colte > d\u00e9pose > transport > d\u00e9chiquetage > utilisation\",\"breadcrumb\":{\"@id\":\"https:\/\/www.woodcracker.com\/fr\/societe\/biomasse-logistique\/#breadcrumb\"},\"inLanguage\":\"fr-FR\",\"potentialAction\":[{\"@type\":\"ReadAction\",\"target\":[\"https:\/\/www.woodcracker.com\/fr\/societe\/biomasse-logistique\/\"]}]},{\"@type\":\"ImageObject\",\"inLanguage\":\"fr-FR\",\"@id\":\"https:\/\/www.woodcracker.com\/fr\/societe\/biomasse-logistique\/#primaryimage\",\"url\":\"https:\/\/www.woodcracker.com\/wp-content\/uploads\/2018\/04\/biomasse-logistik-westtech1.gif\",\"contentUrl\":\"https:\/\/www.woodcracker.com\/wp-content\/uploads\/2018\/04\/biomasse-logistik-westtech1.gif\"},{\"@type\":\"BreadcrumbList\",\"@id\":\"https:\/\/www.woodcracker.com\/fr\/societe\/biomasse-logistique\/#breadcrumb\",\"itemListElement\":[{\"@type\":\"ListItem\",\"position\":1,\"name\":\"Startseite\",\"item\":\"https:\/\/www.woodcracker.com\/fr\/maison\/\"},{\"@type\":\"ListItem\",\"position\":2,\"name\":\"Soci\u00e9t\u00e9\",\"item\":\"https:\/\/www.woodcracker.com\/fr\/societe\/\"},{\"@type\":\"ListItem\",\"position\":3,\"name\":\"Biomasse Logistique\"}]},{\"@type\":\"WebSite\",\"@id\":\"https:\/\/www.woodcracker.com\/fr\/#website\",\"url\":\"https:\/\/www.woodcracker.com\/fr\/\",\"name\":\"WESTTECH .:. Woodcracker\",\"description\":\"\",\"potentialAction\":[{\"@type\":\"SearchAction\",\"target\":{\"@type\":\"EntryPoint\",\"urlTemplate\":\"https:\/\/www.woodcracker.com\/fr\/?s={search_term_string}\"},\"query-input\":{\"@type\":\"PropertyValueSpecification\",\"valueRequired\":true,\"valueName\":\"search_term_string\"}}],\"inLanguage\":\"fr-FR\"}]}<\/script>\n<!-- \/ Yoast SEO plugin. -->","yoast_head_json":{"title":"Biomasse Logistique | WESTTECH .:. Woodcracker","description":"Avec notre gamme de produits\u00a0WOODCRACKER et notre savoir-faire,\u00a0Westtech est votre partenaire id\u00e9al dans\u00a0toute la cha\u00eene logistique de la biomasse: R\u00e9colte > d\u00e9pose > transport > d\u00e9chiquetage > utilisation","robots":{"index":"index","follow":"follow","max-snippet":"max-snippet:-1","max-image-preview":"max-image-preview:large","max-video-preview":"max-video-preview:-1"},"canonical":"https:\/\/www.woodcracker.com\/fr\/societe\/biomasse-logistique\/","og_locale":"fr_FR","og_type":"article","og_title":"Biomasse Logistique | WESTTECH .:. Woodcracker","og_description":"Avec notre gamme de produits\u00a0WOODCRACKER et notre savoir-faire,\u00a0Westtech est votre partenaire id\u00e9al dans\u00a0toute la cha\u00eene logistique de la biomasse: R\u00e9colte > d\u00e9pose > transport > d\u00e9chiquetage > utilisation","og_url":"https:\/\/www.woodcracker.com\/fr\/societe\/biomasse-logistique\/","og_site_name":"WESTTECH .:. Woodcracker","article_publisher":"https:\/\/www.facebook.com\/woodcracker","article_modified_time":"2018-08-03T13:32:13+00:00","og_image":[{"url":"https:\/\/www.woodcracker.com\/wp-content\/uploads\/2018\/04\/biomasse-logistik-westtech1.gif","type":"","width":"","height":""}],"twitter_misc":{"Dur\u00e9e de lecture estim\u00e9e":"3 minutes"},"schema":{"@context":"https:\/\/schema.org","@graph":[{"@type":"WebPage","@id":"https:\/\/www.woodcracker.com\/fr\/societe\/biomasse-logistique\/","url":"https:\/\/www.woodcracker.com\/fr\/societe\/biomasse-logistique\/","name":"Biomasse Logistique | WESTTECH .:. Woodcracker","isPartOf":{"@id":"https:\/\/www.woodcracker.com\/fr\/#website"},"primaryImageOfPage":{"@id":"https:\/\/www.woodcracker.com\/fr\/societe\/biomasse-logistique\/#primaryimage"},"image":{"@id":"https:\/\/www.woodcracker.com\/fr\/societe\/biomasse-logistique\/#primaryimage"},"thumbnailUrl":"https:\/\/www.woodcracker.com\/wp-content\/uploads\/2018\/04\/biomasse-logistik-westtech1.gif","datePublished":"2014-07-08T12:02:15+00:00","dateModified":"2018-08-03T13:32:13+00:00","description":"Avec notre gamme de produits\u00a0WOODCRACKER et notre savoir-faire,\u00a0Westtech est votre partenaire id\u00e9al dans\u00a0toute la cha\u00eene logistique de la biomasse: R\u00e9colte > d\u00e9pose > transport > d\u00e9chiquetage > utilisation","breadcrumb":{"@id":"https:\/\/www.woodcracker.com\/fr\/societe\/biomasse-logistique\/#breadcrumb"},"inLanguage":"fr-FR","potentialAction":[{"@type":"ReadAction","target":["https:\/\/www.woodcracker.com\/fr\/societe\/biomasse-logistique\/"]}]},{"@type":"ImageObject","inLanguage":"fr-FR","@id":"https:\/\/www.woodcracker.com\/fr\/societe\/biomasse-logistique\/#primaryimage","url":"https:\/\/www.woodcracker.com\/wp-content\/uploads\/2018\/04\/biomasse-logistik-westtech1.gif","contentUrl":"https:\/\/www.woodcracker.com\/wp-content\/uploads\/2018\/04\/biomasse-logistik-westtech1.gif"},{"@type":"BreadcrumbList","@id":"https:\/\/www.woodcracker.com\/fr\/societe\/biomasse-logistique\/#breadcrumb","itemListElement":[{"@type":"ListItem","position":1,"name":"Startseite","item":"https:\/\/www.woodcracker.com\/fr\/maison\/"},{"@type":"ListItem","position":2,"name":"Soci\u00e9t\u00e9","item":"https:\/\/www.woodcracker.com\/fr\/societe\/"},{"@type":"ListItem","position":3,"name":"Biomasse Logistique"}]},{"@type":"WebSite","@id":"https:\/\/www.woodcracker.com\/fr\/#website","url":"https:\/\/www.woodcracker.com\/fr\/","name":"WESTTECH .:. Woodcracker","description":"","potentialAction":[{"@type":"SearchAction","target":{"@type":"EntryPoint","urlTemplate":"https:\/\/www.woodcracker.com\/fr\/?s={search_term_string}"},"query-input":{"@type":"PropertyValueSpecification","valueRequired":true,"valueName":"search_term_string"}}],"inLanguage":"fr-FR"}]}},"_links":{"self":[{"href":"https:\/\/www.woodcracker.com\/fr\/wp-json\/wp\/v2\/pages\/1041"}],"collection":[{"href":"https:\/\/www.woodcracker.com\/fr\/wp-json\/wp\/v2\/pages"}],"about":[{"href":"https:\/\/www.woodcracker.com\/fr\/wp-json\/wp\/v2\/types\/page"}],"author":[{"embeddable":true,"href":"https:\/\/www.woodcracker.com\/fr\/wp-json\/wp\/v2\/users\/1"}],"replies":[{"embeddable":true,"href":"https:\/\/www.woodcracker.com\/fr\/wp-json\/wp\/v2\/comments?post=1041"}],"version-history":[{"count":8,"href":"https:\/\/www.woodcracker.com\/fr\/wp-json\/wp\/v2\/pages\/1041\/revisions"}],"predecessor-version":[{"id":9434,"href":"https:\/\/www.woodcracker.com\/fr\/wp-json\/wp\/v2\/pages\/1041\/revisions\/9434"}],"up":[{"embeddable":true,"href":"https:\/\/www.woodcracker.com\/fr\/wp-json\/wp\/v2\/pages\/1201"}],"wp:attachment":[{"href":"https:\/\/www.woodcracker.com\/fr\/wp-json\/wp\/v2\/media?parent=1041"}],"curies":[{"name":"wp","href":"https:\/\/api.w.org\/{rel}","templated":true}]}}