{"id":1039,"date":"2014-07-08T13:59:58","date_gmt":"2014-07-08T11:59:58","guid":{"rendered":"https:\/\/www.woodcracker.com\/?page_id=1039"},"modified":"2018-02-22T14:53:50","modified_gmt":"2018-02-22T13:53:50","slug":"next-tech","status":"publish","type":"page","link":"https:\/\/www.woodcracker.com\/fr\/societe\/next-tech\/","title":{"rendered":"next tech"},"content":{"rendered":"<div class='avia-image-container avia_animated_image avia_animate_when_almost_visible bottom-to-top av-styling-    avia-align-left '  itemprop=\"ImageObject\" itemscope=\"itemscope\" itemtype=\"https:\/\/schema.org\/ImageObject\"  ><div class='avia-image-container-inner'><img class='avia_image ' src='https:\/\/www.woodcracker.com\/wp-content\/uploads\/2014\/05\/next-tech-+-innovative.jpg' alt='' title='next-tech-+-innovative'   itemprop=\"thumbnailUrl\"  \/><\/div><\/div>\n<div style='height:10px' class='hr hr-invisible  '><span class='hr-inner ' ><span class='hr-inner-style'><\/span><\/span><\/div>\n<div style='padding-bottom:10px;' class='av-special-heading av-special-heading-h3    '><h3 class='av-special-heading-tag '  itemprop=\"headline\"  >Bienvenue dans l\u2019univers de Westtech!<\/h3><div class='special-heading-border'><div class='special-heading-inner-border' ><\/div><\/div><\/div>\n<section class=\"av_textblock_section \"  itemscope=\"itemscope\" itemtype=\"https:\/\/schema.org\/CreativeWork\" ><div class='avia_textblock  '   itemprop=\"text\" ><p><strong>Nous repr\u00e9sentons plus que la production de machines robustes pour la technologie foresti\u00e8re et l\u2019entretien des paysages.<\/strong><\/p>\n<p>Un SAV \u00e0 la client\u00e8le individuelle est notre r\u00e9ussite supr\u00eame. Chaque gamme de produit est d\u00e9velopp\u00e9 par une \u00e9quipe technique exp\u00e9riment\u00e9e, toujours en \u00e9troite collaboration avec nos clients. Notre objectif est d\u2019optimiser la gamme de produit en permanence, selon les exigences des clients et les domaines d\u2019applications.<\/p>\n<p><strong>MADE IN AUSTRIA<\/strong><br \/>\nQualit\u00e9 autrichienne produit par Westtech. D\u00e9veloppement et fabrication de la m\u00eame maison garantissent des hauts standard de qualit\u00e9 et une durabilit\u00e9 des produits.<\/p>\n<p><strong>NEXT TECH<\/strong><br \/>\nEn savoir plus sur la fiabilit\u00e9 des Woodcracker, Mowblower et MULCHER ! Les produits Westtech sont caract\u00e9ris\u00e9s par une technologie innovante \u2013 next tech signifie pour nous \u00ab une longueur d\u2019avance \u00bb.<\/p>\n<\/div><\/section>\n<section class=\"avia_codeblock_section  avia_code_block_0\"  itemscope=\"itemscope\" itemtype=\"https:\/\/schema.org\/CreativeWork\" ><div class='avia_codeblock '  itemprop=\"text\" > [avia_codeblock_placeholder uid=\"0\"] <\/div><\/section>\n<div  data-size='featured'  data-lightbox_size='large'  data-animation='slide'  data-ids='469,462,471'  data-video_counter='0'  data-autoplay='true'  data-bg_slider='false'  data-slide_height=''  data-handle='av_slideshow'  data-interval='7'  data-class=' '  data-css_id=''  data-scroll_down=''  data-control_layout=''  data-custom_markup=''  data-perma_caption=''  data-autoplay_stopper=''  data-image_attachment=''  data-min_height='0px'  data-default-height='28.666666666667'  class='avia-slideshow avia-slideshow-1  av-default-height-applied avia-slideshow-featured av_slideshow   avia-slide-slider '  itemprop=\"ImageObject\" itemscope=\"itemscope\" itemtype=\"https:\/\/schema.org\/ImageObject\" ><ul class='avia-slideshow-inner' style='padding-bottom: 52.4%;'><li  class=' slide-1 ' ><div data-rel='slideshow-1' class='avia-slide-wrap'  ><div class=\"avia-caption av-slideshow-caption\"><div class=\"avia-inner-caption\"><h2  class='avia-caption-title '  itemprop=\"name\" >Perfection d\u2019une main:<\/h2><div class='avia-caption-content  '  itemprop=\"description\"  ><p>Notre savoir-faire \u2013 de la construction jusqu\u2019au produit fini !<\/p>\n<\/div><\/div><\/div><img src='https:\/\/www.woodcracker.com\/wp-content\/uploads\/2014\/05\/next-tech-bild-11.jpg' width='500' height='262' title='next-tech-bild-1' alt=''  itemprop=\"thumbnailUrl\"   \/><\/div><\/li><li  class=' slide-2 ' ><div data-rel='slideshow-1' class='avia-slide-wrap'  ><img src='https:\/\/www.woodcracker.com\/wp-content\/uploads\/2014\/05\/next-tech-bild-2.jpg' width='500' height='262' title='next-tech-bild-2' alt=''  itemprop=\"thumbnailUrl\"   \/><\/div><\/li><li  class=' slide-3 ' ><div data-rel='slideshow-1' class='avia-slide-wrap'  ><div class=\"avia-caption av-slideshow-caption\"><div class=\"avia-inner-caption\"><h2  class='avia-caption-title '  itemprop=\"name\" >Une technique ulta moderne du rev\u00eatement garantie une qualit\u00e9 de tr\u00e8s haute standard<\/h2><div class='avia-caption-content  '  itemprop=\"description\"  ><p>Avec une sous-couche \u00e0 6 \u00e9tapes KTL et un syst\u00e8me de pulv\u00e9risati on on peut garantir une surface sup\u00e9rieur d\u2019une haute r\u00e9sistance, comme on la trouve dans l\u2019industrie automobile.<\/p>\n<\/div><\/div><\/div><img src='https:\/\/www.woodcracker.com\/wp-content\/uploads\/2014\/05\/next-tech-bild-31.jpg' width='500' height='262' title='next-tech-bild-3' alt=''  itemprop=\"thumbnailUrl\"   \/><\/div><\/li><\/ul><div class='avia-slideshow-arrows avia-slideshow-controls'><a href='#prev' class='prev-slide' aria-hidden='true' data-av_icon='\ue87c' data-av_iconfont='entypo-fontello'>Pr\u00e9c\u00e9dent<\/a><a href='#next' class='next-slide' aria-hidden='true' data-av_icon='\ue87d' data-av_iconfont='entypo-fontello'>Suivant<\/a><\/div><div class='avia-slideshow-dots avia-slideshow-controls'><a href='#1' class='goto-slide active' >1<\/a><a href='#2' class='goto-slide ' >2<\/a><a href='#3' class='goto-slide ' >3<\/a><\/div><\/div>\n","protected":false},"excerpt":{"rendered":"","protected":false},"author":1,"featured_media":0,"parent":1201,"menu_order":0,"comment_status":"closed","ping_status":"open","template":"","meta":{"footnotes":""},"class_list":["post-1039","page","type-page","status-publish","hentry"],"yoast_head":"<!-- This site is optimized with the Yoast SEO plugin v25.4 - https:\/\/yoast.com\/wordpress\/plugins\/seo\/ -->\n<title>next tech | WESTTECH .:. Woodcracker<\/title>\n<meta name=\"robots\" content=\"index, follow, max-snippet:-1, max-image-preview:large, max-video-preview:-1\" \/>\n<link rel=\"canonical\" href=\"https:\/\/www.woodcracker.com\/fr\/societe\/next-tech\/\" \/>\n<meta property=\"og:locale\" content=\"fr_FR\" \/>\n<meta property=\"og:type\" content=\"article\" \/>\n<meta property=\"og:title\" content=\"next tech | WESTTECH .:. Woodcracker\" \/>\n<meta property=\"og:url\" content=\"https:\/\/www.woodcracker.com\/fr\/societe\/next-tech\/\" \/>\n<meta property=\"og:site_name\" content=\"WESTTECH .:. Woodcracker\" \/>\n<meta property=\"article:publisher\" content=\"https:\/\/www.facebook.com\/woodcracker\" \/>\n<meta property=\"article:modified_time\" content=\"2018-02-22T13:53:50+00:00\" \/>\n<meta property=\"og:image\" content=\"https:\/\/www.woodcracker.com\/wp-content\/uploads\/2014\/05\/power-systems-woodcracker3.jpg\" \/>\n<meta name=\"twitter:label1\" content=\"Dur\u00e9e de lecture estim\u00e9e\" \/>\n\t<meta name=\"twitter:data1\" content=\"2 minutes\" \/>\n<script type=\"application\/ld+json\" class=\"yoast-schema-graph\">{\"@context\":\"https:\/\/schema.org\",\"@graph\":[{\"@type\":\"WebPage\",\"@id\":\"https:\/\/www.woodcracker.com\/fr\/societe\/next-tech\/\",\"url\":\"https:\/\/www.woodcracker.com\/fr\/societe\/next-tech\/\",\"name\":\"next tech | WESTTECH .:. Woodcracker\",\"isPartOf\":{\"@id\":\"https:\/\/www.woodcracker.com\/fr\/#website\"},\"primaryImageOfPage\":{\"@id\":\"https:\/\/www.woodcracker.com\/fr\/societe\/next-tech\/#primaryimage\"},\"image\":{\"@id\":\"https:\/\/www.woodcracker.com\/fr\/societe\/next-tech\/#primaryimage\"},\"thumbnailUrl\":\"https:\/\/www.woodcracker.com\/wp-content\/uploads\/2014\/05\/power-systems-woodcracker3.jpg\",\"datePublished\":\"2014-07-08T11:59:58+00:00\",\"dateModified\":\"2018-02-22T13:53:50+00:00\",\"breadcrumb\":{\"@id\":\"https:\/\/www.woodcracker.com\/fr\/societe\/next-tech\/#breadcrumb\"},\"inLanguage\":\"fr-FR\",\"potentialAction\":[{\"@type\":\"ReadAction\",\"target\":[\"https:\/\/www.woodcracker.com\/fr\/societe\/next-tech\/\"]}]},{\"@type\":\"ImageObject\",\"inLanguage\":\"fr-FR\",\"@id\":\"https:\/\/www.woodcracker.com\/fr\/societe\/next-tech\/#primaryimage\",\"url\":\"https:\/\/www.woodcracker.com\/wp-content\/uploads\/2014\/05\/power-systems-woodcracker3.jpg\",\"contentUrl\":\"https:\/\/www.woodcracker.com\/wp-content\/uploads\/2014\/05\/power-systems-woodcracker3.jpg\"},{\"@type\":\"BreadcrumbList\",\"@id\":\"https:\/\/www.woodcracker.com\/fr\/societe\/next-tech\/#breadcrumb\",\"itemListElement\":[{\"@type\":\"ListItem\",\"position\":1,\"name\":\"Startseite\",\"item\":\"https:\/\/www.woodcracker.com\/fr\/maison\/\"},{\"@type\":\"ListItem\",\"position\":2,\"name\":\"Soci\u00e9t\u00e9\",\"item\":\"https:\/\/www.woodcracker.com\/fr\/societe\/\"},{\"@type\":\"ListItem\",\"position\":3,\"name\":\"next tech\"}]},{\"@type\":\"WebSite\",\"@id\":\"https:\/\/www.woodcracker.com\/fr\/#website\",\"url\":\"https:\/\/www.woodcracker.com\/fr\/\",\"name\":\"WESTTECH .:. Woodcracker\",\"description\":\"\",\"potentialAction\":[{\"@type\":\"SearchAction\",\"target\":{\"@type\":\"EntryPoint\",\"urlTemplate\":\"https:\/\/www.woodcracker.com\/fr\/?s={search_term_string}\"},\"query-input\":{\"@type\":\"PropertyValueSpecification\",\"valueRequired\":true,\"valueName\":\"search_term_string\"}}],\"inLanguage\":\"fr-FR\"}]}<\/script>\n<!-- \/ Yoast SEO plugin. -->","yoast_head_json":{"title":"next tech | WESTTECH .:. Woodcracker","robots":{"index":"index","follow":"follow","max-snippet":"max-snippet:-1","max-image-preview":"max-image-preview:large","max-video-preview":"max-video-preview:-1"},"canonical":"https:\/\/www.woodcracker.com\/fr\/societe\/next-tech\/","og_locale":"fr_FR","og_type":"article","og_title":"next tech | WESTTECH .:. Woodcracker","og_url":"https:\/\/www.woodcracker.com\/fr\/societe\/next-tech\/","og_site_name":"WESTTECH .:. Woodcracker","article_publisher":"https:\/\/www.facebook.com\/woodcracker","article_modified_time":"2018-02-22T13:53:50+00:00","og_image":[{"url":"https:\/\/www.woodcracker.com\/wp-content\/uploads\/2014\/05\/power-systems-woodcracker3.jpg","type":"","width":"","height":""}],"twitter_misc":{"Dur\u00e9e de lecture estim\u00e9e":"2 minutes"},"schema":{"@context":"https:\/\/schema.org","@graph":[{"@type":"WebPage","@id":"https:\/\/www.woodcracker.com\/fr\/societe\/next-tech\/","url":"https:\/\/www.woodcracker.com\/fr\/societe\/next-tech\/","name":"next tech | WESTTECH .:. Woodcracker","isPartOf":{"@id":"https:\/\/www.woodcracker.com\/fr\/#website"},"primaryImageOfPage":{"@id":"https:\/\/www.woodcracker.com\/fr\/societe\/next-tech\/#primaryimage"},"image":{"@id":"https:\/\/www.woodcracker.com\/fr\/societe\/next-tech\/#primaryimage"},"thumbnailUrl":"https:\/\/www.woodcracker.com\/wp-content\/uploads\/2014\/05\/power-systems-woodcracker3.jpg","datePublished":"2014-07-08T11:59:58+00:00","dateModified":"2018-02-22T13:53:50+00:00","breadcrumb":{"@id":"https:\/\/www.woodcracker.com\/fr\/societe\/next-tech\/#breadcrumb"},"inLanguage":"fr-FR","potentialAction":[{"@type":"ReadAction","target":["https:\/\/www.woodcracker.com\/fr\/societe\/next-tech\/"]}]},{"@type":"ImageObject","inLanguage":"fr-FR","@id":"https:\/\/www.woodcracker.com\/fr\/societe\/next-tech\/#primaryimage","url":"https:\/\/www.woodcracker.com\/wp-content\/uploads\/2014\/05\/power-systems-woodcracker3.jpg","contentUrl":"https:\/\/www.woodcracker.com\/wp-content\/uploads\/2014\/05\/power-systems-woodcracker3.jpg"},{"@type":"BreadcrumbList","@id":"https:\/\/www.woodcracker.com\/fr\/societe\/next-tech\/#breadcrumb","itemListElement":[{"@type":"ListItem","position":1,"name":"Startseite","item":"https:\/\/www.woodcracker.com\/fr\/maison\/"},{"@type":"ListItem","position":2,"name":"Soci\u00e9t\u00e9","item":"https:\/\/www.woodcracker.com\/fr\/societe\/"},{"@type":"ListItem","position":3,"name":"next tech"}]},{"@type":"WebSite","@id":"https:\/\/www.woodcracker.com\/fr\/#website","url":"https:\/\/www.woodcracker.com\/fr\/","name":"WESTTECH .:. Woodcracker","description":"","potentialAction":[{"@type":"SearchAction","target":{"@type":"EntryPoint","urlTemplate":"https:\/\/www.woodcracker.com\/fr\/?s={search_term_string}"},"query-input":{"@type":"PropertyValueSpecification","valueRequired":true,"valueName":"search_term_string"}}],"inLanguage":"fr-FR"}]}},"_links":{"self":[{"href":"https:\/\/www.woodcracker.com\/fr\/wp-json\/wp\/v2\/pages\/1039"}],"collection":[{"href":"https:\/\/www.woodcracker.com\/fr\/wp-json\/wp\/v2\/pages"}],"about":[{"href":"https:\/\/www.woodcracker.com\/fr\/wp-json\/wp\/v2\/types\/page"}],"author":[{"embeddable":true,"href":"https:\/\/www.woodcracker.com\/fr\/wp-json\/wp\/v2\/users\/1"}],"replies":[{"embeddable":true,"href":"https:\/\/www.woodcracker.com\/fr\/wp-json\/wp\/v2\/comments?post=1039"}],"version-history":[{"count":4,"href":"https:\/\/www.woodcracker.com\/fr\/wp-json\/wp\/v2\/pages\/1039\/revisions"}],"predecessor-version":[{"id":7156,"href":"https:\/\/www.woodcracker.com\/fr\/wp-json\/wp\/v2\/pages\/1039\/revisions\/7156"}],"up":[{"embeddable":true,"href":"https:\/\/www.woodcracker.com\/fr\/wp-json\/wp\/v2\/pages\/1201"}],"wp:attachment":[{"href":"https:\/\/www.woodcracker.com\/fr\/wp-json\/wp\/v2\/media?parent=1039"}],"curies":[{"name":"wp","href":"https:\/\/api.w.org\/{rel}","templated":true}]}}